{"id":30,"date":"2018-07-02T11:11:49","date_gmt":"2018-07-02T16:11:49","guid":{"rendered":"https:\/\/wp.xpeedstudio.com\/upturn\/home-others\/?page_id=30"},"modified":"2022-08-06T04:57:02","modified_gmt":"2022-08-06T09:57:02","slug":"terminos-y-condiciones","status":"publish","type":"page","link":"https:\/\/mrbusinesspr.com\/?page_id=30","title":{"rendered":"T\u00e9rminos y Condiciones"},"content":{"rendered":"\t\t<div data-elementor-type=\"wp-post\" data-elementor-id=\"30\" class=\"elementor elementor-30\" data-elementor-post-type=\"page\">\n\t\t\t\t\t\t<section class=\"elementor-section elementor-top-section elementor-element elementor-element-7ef5cb8 elementor-section-boxed elementor-section-height-default elementor-section-height-default\" data-id=\"7ef5cb8\" data-element_type=\"section\" data-settings=\"{&quot;background_background&quot;:&quot;classic&quot;}\">\n\t\t\t\t\t\t\t<div class=\"elementor-background-overlay\"><\/div>\n\t\t\t\t\t\t\t<div class=\"elementor-container elementor-column-gap-default\">\n\t\t\t\t\t<div class=\"elementor-column elementor-col-100 elementor-top-column elementor-element elementor-element-24521f7\" data-id=\"24521f7\" data-element_type=\"column\">\n\t\t\t<div class=\"elementor-widget-wrap elementor-element-populated\">\n\t\t\t\t\t\t<div class=\"elementor-element elementor-element-f593c15 elementor-widget elementor-widget-heading\" data-id=\"f593c15\" data-element_type=\"widget\" data-widget_type=\"heading.default\">\n\t\t\t\t<div class=\"elementor-widget-container\">\n\t\t\t\t\t<h2 class=\"elementor-heading-title elementor-size-default\">T\u00e9rminos y Condiciones<\/h2>\t\t\t\t<\/div>\n\t\t\t\t<\/div>\n\t\t\t\t\t<\/div>\n\t\t<\/div>\n\t\t\t\t\t<\/div>\n\t\t<\/section>\n\t\t\t\t<section class=\"elementor-section elementor-top-section elementor-element elementor-element-9af42a3 elementor-section-boxed elementor-section-height-default elementor-section-height-default\" data-id=\"9af42a3\" data-element_type=\"section\">\n\t\t\t\t\t\t<div class=\"elementor-container elementor-column-gap-default\">\n\t\t\t\t\t<div class=\"elementor-column elementor-col-100 elementor-top-column elementor-element elementor-element-c5674a6\" data-id=\"c5674a6\" data-element_type=\"column\">\n\t\t\t<div class=\"elementor-widget-wrap elementor-element-populated\">\n\t\t\t\t\t\t<div class=\"elementor-element elementor-element-e00349e elementor-widget elementor-widget-xs-heading\" data-id=\"e00349e\" data-element_type=\"widget\" data-widget_type=\"xs-heading.default\">\n\t\t\t\t<div class=\"elementor-widget-container\">\n\t\t\t\t\t<div class=\"xs-heading text-center\">\n            <h3 class=\"section-subtitle\">Nuestros T\u00e9rminos\n<\/h3>\n                <h2 class=\"section-title\">T\u00c9RMINOS <span>DE SERVICIO<\/span><\/h2>\n                <span class=\"line\"><\/span>\n    <\/div>\t\t\t\t<\/div>\n\t\t\t\t<\/div>\n\t\t\t\t<div class=\"elementor-element elementor-element-77c09c1 elementor-widget elementor-widget-heading\" data-id=\"77c09c1\" data-element_type=\"widget\" data-widget_type=\"heading.default\">\n\t\t\t\t<div class=\"elementor-widget-container\">\n\t\t\t\t\t<h2 class=\"elementor-heading-title elementor-size-default\">LOS PRECIOS EST\u00c1N SUJETOS A CAMBIOS SIN PREVIO AVISO. <br><br>RECOMENDAMOS SIEMPRE HACER CONSULTAS DE INFORMACI\u00d3N PREVIO A CUALQUIER CONTRATACI\u00d3N DE SERVICIOS O COMPRA DE PRODUCTOS, CON FINES EXCLUSIVAMENTE DE BRINDAR EL MEJOR SERVICIO Y ATENCI\u00d3N A LOS CLIENTES.<\/h2>\t\t\t\t<\/div>\n\t\t\t\t<\/div>\n\t\t\t\t<div class=\"elementor-element elementor-element-42af5c7 elementor-widget elementor-widget-heading\" data-id=\"42af5c7\" data-element_type=\"widget\" data-widget_type=\"heading.default\">\n\t\t\t\t<div class=\"elementor-widget-container\">\n\t\t\t\t\t<h2 class=\"elementor-heading-title elementor-size-default\">Informaci\u00f3n de pago y cancelaciones:<\/h2>\t\t\t\t<\/div>\n\t\t\t\t<\/div>\n\t\t\t\t<div class=\"elementor-element elementor-element-0240476 elementor-widget elementor-widget-text-editor\" data-id=\"0240476\" data-element_type=\"widget\" data-widget_type=\"text-editor.default\">\n\t\t\t\t<div class=\"elementor-widget-container\">\n\t\t\t\t\t\t\t\t\t<p><span style=\"color: #333333;\">Los pagos se podr\u00e1n efectuar mediante tarjeta de d\u00e9bito o cr\u00e9dito por PayPal (M\u00e1s comisi\u00f3n), transferencia bancaria \u00f3 efectivo. <b>Podr\u00edan existir promociones de meses sin\u00a0<\/b><b>intereses vigentes<\/b>. Favor de consultar al momento de contrataci\u00f3n o compra.<\/span><\/p><p><span style=\"color: #333333;\">Sin excepci\u00f3n debe realizarse el 100% del pago antes de la entrega del servicio adquirido en los siguientes servicios: Dise\u00f1o de Logo y Gesti\u00f3n de Redes Sociales.<\/span><\/p><ul><li><span style=\"color: #333333;\">En caso de Dise\u00f1o de identidad, Sitios Web, Tiendas en L\u00ednea y Desarrollo de Software \/ APP&#8217;s M\u00f3viles y publicidad impresa se debe realizar el 50% de pago sobre el valor total cotizado como anticipo y 50% a la entrega del proyecto. <strong>*En caso de solicitar urgencias estos pagos deber\u00e1n hacerse al 100% sin excepci\u00f3n alguna*<\/strong><\/span><\/li><li><span style=\"color: #333333;\">En caso de que los servicios de dise\u00f1o web, dise\u00f1o de marca y desarrollo sea cancelado no se realizara ninguna clase de reembolso o pagos realizados por motivos de horas trabajadas o gastos administrativos.<\/span><br \/><span style=\"color: #333333;\">En caso de que los servicios de dise\u00f1o web, dise\u00f1o de marca y desarrollo sea cancelado 24horas despu\u00e9s de la contrataci\u00f3n, se cobrar\u00e1 una penalizaci\u00f3n del 30% sobre el pago de anticipo.<\/span><\/li><li><strong>*NO HAY CANCELACI\u00d3N en impresi\u00f3n publicar\u00eda.*<\/strong><\/li><\/ul>\t\t\t\t\t\t\t\t<\/div>\n\t\t\t\t<\/div>\n\t\t\t\t<div class=\"elementor-element elementor-element-03847f8 elementor-widget elementor-widget-heading\" data-id=\"03847f8\" data-element_type=\"widget\" data-widget_type=\"heading.default\">\n\t\t\t\t<div class=\"elementor-widget-container\">\n\t\t\t\t\t<h2 class=\"elementor-heading-title elementor-size-default\">Aspectos a tomar en cuenta por parte del cliente:<\/h2>\t\t\t\t<\/div>\n\t\t\t\t<\/div>\n\t\t\t\t<div class=\"elementor-element elementor-element-85b1b8e elementor-widget elementor-widget-text-editor\" data-id=\"85b1b8e\" data-element_type=\"widget\" data-widget_type=\"text-editor.default\">\n\t\t\t\t<div class=\"elementor-widget-container\">\n\t\t\t\t\t\t\t\t\t<ul>\n \t<li><span style=\"color: #333333;\">Importante la comunicaci\u00f3n clara y precisa en todo momento para un mejor <\/span><span style=\"color: #333333;\">entendimiento.<\/span><\/li>\n \t<li><span style=\"color: #333333;\">Todos los precios son m\u00e1s IVA en caso de requerir factura.<\/span><\/li>\n \t<li><span style=\"color: #333333;\">Algunos presupuestos son personalizados dependiendo el tipo de proyecto o servicio proporcionado este ser\u00e1 enviado de manera formal v\u00eda correo electr\u00f3nico y\/o WhatsApp en un documento PDF por <b style=\"color:#11417C\">SE Innova.<\/b><\/span><\/li>\n \t<li><span style=\"color: #333333;\">SE Innova se hace responsable \u00fanicamente de los servicios incluidos dentro de la cotizaci\u00f3n enviada formalmente v\u00eda correo electr\u00f3nico y\/o WhatsApp en un documento PDF y compras hechas desde su sitio web oficial https:\/\/mrbusinesspr.com<\/span><\/li>\n \t<li><span style=\"color: #333333;\">Estos precios est\u00e1n sujetos a cambios debido a falta de informaci\u00f3n o solicitudes adicionales por parte del cliente.<\/span><\/li>\n<\/ul>\t\t\t\t\t\t\t\t<\/div>\n\t\t\t\t<\/div>\n\t\t\t\t<div class=\"elementor-element elementor-element-23f1437 elementor-widget elementor-widget-text-editor\" data-id=\"23f1437\" data-element_type=\"widget\" data-widget_type=\"text-editor.default\">\n\t\t\t\t<div class=\"elementor-widget-container\">\n\t\t\t\t\t\t\t\t\t<p style=\"text-align: left;\"><span style=\"color: #333333;\">PROHIBIDA LA MODIFICACI\u00d3N, RETRANSMISI\u00d3N DE ESTE DOCUMENTO<\/span><br \/><span style=\"color: #333333;\">PROHIBIDO EL USO AL PUBLICO EN GENERAL<\/span><\/p>\t\t\t\t\t\t\t\t<\/div>\n\t\t\t\t<\/div>\n\t\t\t\t<div class=\"elementor-element elementor-element-550af7b elementor-widget elementor-widget-text-editor\" data-id=\"550af7b\" data-element_type=\"widget\" data-widget_type=\"text-editor.default\">\n\t\t\t\t<div class=\"elementor-widget-container\">\n\t\t\t\t\t\t\t\t\t<p style=\"text-align: center;\"><span style=\"color: #333333;\">TODOS LOS DERECHOS RESERVADOS A SE INNOVA 2022<\/span><\/p>\t\t\t\t\t\t\t\t<\/div>\n\t\t\t\t<\/div>\n\t\t\t\t<div class=\"elementor-element elementor-element-c4e8457 elementor-position-right elementor-vertical-align-middle elementor-widget elementor-widget-image-box\" data-id=\"c4e8457\" data-element_type=\"widget\" data-widget_type=\"image-box.default\">\n\t\t\t\t<div class=\"elementor-widget-container\">\n\t\t\t\t\t<div class=\"elementor-image-box-wrapper\"><figure class=\"elementor-image-box-img\"><img decoding=\"async\" width=\"200\" height=\"137\" src=\"https:\/\/mrbusinesspr.com\/wp-content\/uploads\/2022\/08\/Dise-C3-B1o-sin-t-C3-ADtulo-281-29-562ac7cb-195w-640w.webp\" class=\"attachment-full size-full wp-image-4567\" alt=\"\" \/><\/figure><div class=\"elementor-image-box-content\"><p class=\"elementor-image-box-description\">\u00a1Estamos orgullosos de nuestro trabajo!<br>Por ello, contamos con la Garant\u00eda de Satisfacci\u00f3n, con lo cual nos comprometemos a cumplir con tus expectativas al 100%.<\/p><\/div><\/div>\t\t\t\t<\/div>\n\t\t\t\t<\/div>\n\t\t\t\t\t<\/div>\n\t\t<\/div>\n\t\t\t\t\t<\/div>\n\t\t<\/section>\n\t\t\t\t<div class=\"elementor-section elementor-top-section elementor-element elementor-element-df57d7a elementor-section-boxed elementor-section-height-default elementor-section-height-default\" data-id=\"df57d7a\" data-element_type=\"section\">\n\t\t\t\t\t\t<div class=\"elementor-container elementor-column-gap-default\">\n\t\t\t\t\t<div class=\"elementor-column elementor-col-50 elementor-top-column elementor-element elementor-element-99e864b\" data-id=\"99e864b\" data-element_type=\"column\">\n\t\t\t<div class=\"elementor-widget-wrap elementor-element-populated\">\n\t\t\t\t\t\t<div class=\"elementor-element elementor-element-09366c9 elementor-widget elementor-widget-image\" data-id=\"09366c9\" data-element_type=\"widget\" data-widget_type=\"image.default\">\n\t\t\t\t<div class=\"elementor-widget-container\">\n\t\t\t\t\t\t\t\t\t\t\t\t\t\t\t<img decoding=\"async\" width=\"219\" height=\"191\" src=\"https:\/\/mrbusinesspr.com\/wp-content\/uploads\/2018\/09\/man-with-phone.jpg\" class=\"attachment-large size-large wp-image-2002\" alt=\"\" \/>\t\t\t\t\t\t\t\t\t\t\t\t\t\t\t<\/div>\n\t\t\t\t<\/div>\n\t\t\t\t\t<\/div>\n\t\t<\/div>\n\t\t\t\t<div class=\"elementor-column elementor-col-50 elementor-top-column elementor-element elementor-element-7dc5f5d\" data-id=\"7dc5f5d\" data-element_type=\"column\">\n\t\t\t<div class=\"elementor-widget-wrap elementor-element-populated\">\n\t\t\t\t\t\t<div class=\"elementor-element elementor-element-7a431c1 elementor-widget elementor-widget-xs-heading\" data-id=\"7a431c1\" data-element_type=\"widget\" data-widget_type=\"xs-heading.default\">\n\t\t\t\t<div class=\"elementor-widget-container\">\n\t\t\t\t\t<div class=\"xs-heading text-\">\n            <h3 class=\"section-subtitle\">\u00bfNo encontraste la respuesta que buscabas?<\/h3>\n                <h2 class=\"section-title\">Nuestro equipo de soporte te ayudar\u00e1<\/h2>\n        <\/div>\t\t\t\t<\/div>\n\t\t\t\t<\/div>\n\t\t\t\t\t<\/div>\n\t\t<\/div>\n\t\t\t\t\t<\/div>\n\t\t<\/div>\n\t\t\t\t<\/div>\n\t\t","protected":false},"excerpt":{"rendered":"<p>T\u00e9rminos y Condiciones Nuestros T\u00e9rminos T\u00c9RMINOS DE SERVICIO LOS PRECIOS EST\u00c1N SUJETOS A CAMBIOS SIN PREVIO AVISO. RECOMENDAMOS SIEMPRE HACER CONSULTAS DE INFORMACI\u00d3N PREVIO A CUALQUIER CONTRATACI\u00d3N DE SERVICIOS O COMPRA DE PRODUCTOS, CON FINES EXCLUSIVAMENTE DE BRINDAR EL MEJOR SERVICIO Y ATENCI\u00d3N A LOS CLIENTES. Informaci\u00f3n de pago y cancelaciones: Los pagos se podr\u00e1n [&hellip;]<\/p>\n","protected":false},"author":1,"featured_media":0,"parent":0,"menu_order":0,"comment_status":"closed","ping_status":"closed","template":"template\/template-full-width.php","meta":{"footnotes":""},"class_list":["post-30","page","type-page","status-publish","hentry"],"yoast_head":"<!-- This site is optimized with the Yoast SEO plugin v20.3 - https:\/\/yoast.com\/wordpress\/plugins\/seo\/ -->\n<title>T\u00e9rminos y Condiciones - Mr. Business Man<\/title>\n<meta name=\"robots\" content=\"index, follow, max-snippet:-1, max-image-preview:large, max-video-preview:-1\" \/>\n<link rel=\"canonical\" href=\"https:\/\/mrbusinesspr.com\/?page_id=30\" \/>\n<meta property=\"og:locale\" content=\"es_MX\" \/>\n<meta property=\"og:type\" content=\"article\" \/>\n<meta property=\"og:title\" content=\"T\u00e9rminos y Condiciones - Mr. Business Man\" \/>\n<meta property=\"og:description\" content=\"T\u00e9rminos y Condiciones Nuestros T\u00e9rminos T\u00c9RMINOS DE SERVICIO LOS PRECIOS EST\u00c1N SUJETOS A CAMBIOS SIN PREVIO AVISO. RECOMENDAMOS SIEMPRE HACER CONSULTAS DE INFORMACI\u00d3N PREVIO A CUALQUIER CONTRATACI\u00d3N DE SERVICIOS O COMPRA DE PRODUCTOS, CON FINES EXCLUSIVAMENTE DE BRINDAR EL MEJOR SERVICIO Y ATENCI\u00d3N A LOS CLIENTES. Informaci\u00f3n de pago y cancelaciones: Los pagos se podr\u00e1n [&hellip;]\" \/>\n<meta property=\"og:url\" content=\"https:\/\/mrbusinesspr.com\/?page_id=30\" \/>\n<meta property=\"og:site_name\" content=\"Mr. Business Man\" \/>\n<meta property=\"article:publisher\" content=\"https:\/\/www.facebook.com\/mrbusinessmanllc?mibextid=LQQJ4d\" \/>\n<meta property=\"article:modified_time\" content=\"2022-08-06T09:57:02+00:00\" \/>\n<meta property=\"og:image\" content=\"https:\/\/mrbusinesspr.com\/wp-content\/uploads\/2022\/08\/Dise-C3-B1o-sin-t-C3-ADtulo-281-29-562ac7cb-195w-640w.webp\" \/>\n<meta name=\"twitter:card\" content=\"summary_large_image\" \/>\n<meta name=\"twitter:site\" content=\"@Mrbusinessmanpr\" \/>\n<meta name=\"twitter:label1\" content=\"Tiempo de lectura\" \/>\n\t<meta name=\"twitter:data1\" content=\"2 minutos\" \/>\n<script type=\"application\/ld+json\" class=\"yoast-schema-graph\">{\"@context\":\"https:\/\/schema.org\",\"@graph\":[{\"@type\":\"WebPage\",\"@id\":\"https:\/\/mrbusinesspr.com\/?page_id=30\",\"url\":\"https:\/\/mrbusinesspr.com\/?page_id=30\",\"name\":\"T\u00e9rminos y Condiciones - Mr. Business Man\",\"isPartOf\":{\"@id\":\"https:\/\/mrbusinesspr.com\/#website\"},\"datePublished\":\"2018-07-02T16:11:49+00:00\",\"dateModified\":\"2022-08-06T09:57:02+00:00\",\"breadcrumb\":{\"@id\":\"https:\/\/mrbusinesspr.com\/?page_id=30#breadcrumb\"},\"inLanguage\":\"es\",\"potentialAction\":[{\"@type\":\"ReadAction\",\"target\":[\"https:\/\/mrbusinesspr.com\/?page_id=30\"]}]},{\"@type\":\"BreadcrumbList\",\"@id\":\"https:\/\/mrbusinesspr.com\/?page_id=30#breadcrumb\",\"itemListElement\":[{\"@type\":\"ListItem\",\"position\":1,\"name\":\"Inicio\",\"item\":\"https:\/\/mrbusinesspr.com\/\"},{\"@type\":\"ListItem\",\"position\":2,\"name\":\"T\u00e9rminos y Condiciones\"}]},{\"@type\":\"WebSite\",\"@id\":\"https:\/\/mrbusinesspr.com\/#website\",\"url\":\"https:\/\/mrbusinesspr.com\/\",\"name\":\"Mr. Business Man\",\"description\":\"An\u00e1lisis &amp; Consultor\u00eda Financiera\",\"publisher\":{\"@id\":\"https:\/\/mrbusinesspr.com\/#organization\"},\"potentialAction\":[{\"@type\":\"SearchAction\",\"target\":{\"@type\":\"EntryPoint\",\"urlTemplate\":\"https:\/\/mrbusinesspr.com\/?s={search_term_string}\"},\"query-input\":\"required name=search_term_string\"}],\"inLanguage\":\"es\"},{\"@type\":\"Organization\",\"@id\":\"https:\/\/mrbusinesspr.com\/#organization\",\"name\":\"Mr. Business Man\",\"url\":\"https:\/\/mrbusinesspr.com\/\",\"logo\":{\"@type\":\"ImageObject\",\"inLanguage\":\"es\",\"@id\":\"https:\/\/mrbusinesspr.com\/#\/schema\/logo\/image\/\",\"url\":\"https:\/\/mrbusinesspr.com\/wp-content\/uploads\/2023\/02\/LogoMRB2.png\",\"contentUrl\":\"https:\/\/mrbusinesspr.com\/wp-content\/uploads\/2023\/02\/LogoMRB2.png\",\"width\":298,\"height\":73,\"caption\":\"Mr. Business Man\"},\"image\":{\"@id\":\"https:\/\/mrbusinesspr.com\/#\/schema\/logo\/image\/\"},\"sameAs\":[\"https:\/\/www.facebook.com\/mrbusinessmanllc?mibextid=LQQJ4d\",\"https:\/\/twitter.com\/Mrbusinessmanpr\",\"https:\/\/www.instagram.com\/mrbusinessmanis\/\"]}]}<\/script>\n<!-- \/ Yoast SEO plugin. -->","yoast_head_json":{"title":"T\u00e9rminos y Condiciones - Mr. Business Man","robots":{"index":"index","follow":"follow","max-snippet":"max-snippet:-1","max-image-preview":"max-image-preview:large","max-video-preview":"max-video-preview:-1"},"canonical":"https:\/\/mrbusinesspr.com\/?page_id=30","og_locale":"es_MX","og_type":"article","og_title":"T\u00e9rminos y Condiciones - Mr. Business Man","og_description":"T\u00e9rminos y Condiciones Nuestros T\u00e9rminos T\u00c9RMINOS DE SERVICIO LOS PRECIOS EST\u00c1N SUJETOS A CAMBIOS SIN PREVIO AVISO. RECOMENDAMOS SIEMPRE HACER CONSULTAS DE INFORMACI\u00d3N PREVIO A CUALQUIER CONTRATACI\u00d3N DE SERVICIOS O COMPRA DE PRODUCTOS, CON FINES EXCLUSIVAMENTE DE BRINDAR EL MEJOR SERVICIO Y ATENCI\u00d3N A LOS CLIENTES. Informaci\u00f3n de pago y cancelaciones: Los pagos se podr\u00e1n [&hellip;]","og_url":"https:\/\/mrbusinesspr.com\/?page_id=30","og_site_name":"Mr. Business Man","article_publisher":"https:\/\/www.facebook.com\/mrbusinessmanllc?mibextid=LQQJ4d","article_modified_time":"2022-08-06T09:57:02+00:00","og_image":[{"url":"https:\/\/mrbusinesspr.com\/wp-content\/uploads\/2022\/08\/Dise-C3-B1o-sin-t-C3-ADtulo-281-29-562ac7cb-195w-640w.webp"}],"twitter_card":"summary_large_image","twitter_site":"@Mrbusinessmanpr","twitter_misc":{"Tiempo de lectura":"2 minutos"},"schema":{"@context":"https:\/\/schema.org","@graph":[{"@type":"WebPage","@id":"https:\/\/mrbusinesspr.com\/?page_id=30","url":"https:\/\/mrbusinesspr.com\/?page_id=30","name":"T\u00e9rminos y Condiciones - Mr. Business Man","isPartOf":{"@id":"https:\/\/mrbusinesspr.com\/#website"},"datePublished":"2018-07-02T16:11:49+00:00","dateModified":"2022-08-06T09:57:02+00:00","breadcrumb":{"@id":"https:\/\/mrbusinesspr.com\/?page_id=30#breadcrumb"},"inLanguage":"es","potentialAction":[{"@type":"ReadAction","target":["https:\/\/mrbusinesspr.com\/?page_id=30"]}]},{"@type":"BreadcrumbList","@id":"https:\/\/mrbusinesspr.com\/?page_id=30#breadcrumb","itemListElement":[{"@type":"ListItem","position":1,"name":"Inicio","item":"https:\/\/mrbusinesspr.com\/"},{"@type":"ListItem","position":2,"name":"T\u00e9rminos y Condiciones"}]},{"@type":"WebSite","@id":"https:\/\/mrbusinesspr.com\/#website","url":"https:\/\/mrbusinesspr.com\/","name":"Mr. Business Man","description":"An\u00e1lisis &amp; Consultor\u00eda Financiera","publisher":{"@id":"https:\/\/mrbusinesspr.com\/#organization"},"potentialAction":[{"@type":"SearchAction","target":{"@type":"EntryPoint","urlTemplate":"https:\/\/mrbusinesspr.com\/?s={search_term_string}"},"query-input":"required name=search_term_string"}],"inLanguage":"es"},{"@type":"Organization","@id":"https:\/\/mrbusinesspr.com\/#organization","name":"Mr. Business Man","url":"https:\/\/mrbusinesspr.com\/","logo":{"@type":"ImageObject","inLanguage":"es","@id":"https:\/\/mrbusinesspr.com\/#\/schema\/logo\/image\/","url":"https:\/\/mrbusinesspr.com\/wp-content\/uploads\/2023\/02\/LogoMRB2.png","contentUrl":"https:\/\/mrbusinesspr.com\/wp-content\/uploads\/2023\/02\/LogoMRB2.png","width":298,"height":73,"caption":"Mr. Business Man"},"image":{"@id":"https:\/\/mrbusinesspr.com\/#\/schema\/logo\/image\/"},"sameAs":["https:\/\/www.facebook.com\/mrbusinessmanllc?mibextid=LQQJ4d","https:\/\/twitter.com\/Mrbusinessmanpr","https:\/\/www.instagram.com\/mrbusinessmanis\/"]}]}},"_links":{"self":[{"href":"https:\/\/mrbusinesspr.com\/index.php?rest_route=\/wp\/v2\/pages\/30","targetHints":{"allow":["GET"]}}],"collection":[{"href":"https:\/\/mrbusinesspr.com\/index.php?rest_route=\/wp\/v2\/pages"}],"about":[{"href":"https:\/\/mrbusinesspr.com\/index.php?rest_route=\/wp\/v2\/types\/page"}],"author":[{"embeddable":true,"href":"https:\/\/mrbusinesspr.com\/index.php?rest_route=\/wp\/v2\/users\/1"}],"replies":[{"embeddable":true,"href":"https:\/\/mrbusinesspr.com\/index.php?rest_route=%2Fwp%2Fv2%2Fcomments&post=30"}],"version-history":[{"count":0,"href":"https:\/\/mrbusinesspr.com\/index.php?rest_route=\/wp\/v2\/pages\/30\/revisions"}],"wp:attachment":[{"href":"https:\/\/mrbusinesspr.com\/index.php?rest_route=%2Fwp%2Fv2%2Fmedia&parent=30"}],"curies":[{"name":"wp","href":"https:\/\/api.w.org\/{rel}","templated":true}]}}